{"id":527,"date":"2026-02-25T17:52:37","date_gmt":"2026-02-25T16:52:37","guid":{"rendered":"https:\/\/destpeople.com\/?page_id=527"},"modified":"2026-04-21T12:31:12","modified_gmt":"2026-04-21T10:31:12","slug":"aviso-legal","status":"publish","type":"page","link":"https:\/\/destpeople.com\/gl\/aviso-legal\/","title":{"rendered":"Aviso legal"},"content":{"rendered":"<p><strong>GENERAL<\/strong><\/p>\n<p>Las presentes condiciones regulan el acceso, navegaci\u00f3n y uso de la web de DEST PEOPLE, S.L.\u00a0 ubicada en la URL https:\/\/www.destpeople.com (en adelante \u201csitio web\u201d). DEST PEOPLE, S.L.\u00a0 (en adelante DEST PEOPLE ) es una sociedad de nacionalidad espa\u00f1ola con domicilio en Plaza de Galicia 2-3 4\u00ba 15004 A Coru\u00f1a\u00a0 y NIF B10558120 inscrita en el Registro Mercantil de A Coru\u00f1a T 3783 , F 104,S 8, H C 61918, I\/A 1<\/p>\n<p><strong>USO DEL DEL SITIO WEB<\/strong><\/p>\n<p>El acceso, navegaci\u00f3n y utilizaci\u00f3n de este sitio web implica la aceptaci\u00f3n expresa y sin reservas de todos los t\u00e9rminos del presente Aviso Legal. Su observancia y cumplimiento ser\u00e1 exigible respecto de cualquier persona que acceda, navegue o utilice el sitio web. Si no est\u00e1 de acuerdo con las presentes condiciones no contin\u00fae con la navegaci\u00f3n.<\/p>\n<p>La prestaci\u00f3n del servicio del sitio web tiene una duraci\u00f3n limitada al momento en el que el Usuario se encuentre conectado al sitio web o a alguno de los servicios que a trav\u00e9s del mismo se puedan llegar a facilitar. Por tanto, el Usuario debe leer atentamente el presente Aviso Legal en cada una de las ocasiones en que se proponga utilizar el sitio web, ya que \u00e9ste y sus condiciones de uso recogidas en el presente Aviso Legal pueden sufrir modificaciones.<\/p>\n<p>El acceso a los contenidos de la web tiene car\u00e1cter gratuito, si bien alguno de los servicios y contenidos ofrecidos por DEST PEOPLE\u00a0 a terceros a trav\u00e9s del sitio web pueden estar sujetos a su contrataci\u00f3n previa y al pago de una cantidad, lo cual se especificar\u00e1 en sus propias condiciones de contrataci\u00f3n.<\/p>\n<p>Queda prohibido el acceso al sitio web por parte de menores de 14 a\u00f1os, salvo que cuenten con la autorizaci\u00f3n previa y expresa de sus padres, tutores o representantes legales, los cuales ser\u00e1n considerados como responsables de los actos que lleven a cabo los menores a su cargo, conforme a la normativa vigente. En todo caso, se presumir\u00e1 que el acceso realizado por un menor al sitio web se ha realizado con autorizaci\u00f3n previa y expresa de sus padres, tutores o representantes legales. El acceso y navegaci\u00f3n a trav\u00e9s del sitio web no requiere registro.<\/p>\n<p>El Usuario se compromete a utilizar el sitio web de conformidad con la ley y con las presentes condiciones. Al utilizar los servicios, el Usuario se compromete a no transmitir, difundir o poner a disposici\u00f3n de terceros a trav\u00e9s de los servicios proporcionados por DEST PEOPLE\u00a0 cualquier clase de material que de cualquier forma contravenga la legislaci\u00f3n vigente. El Usuario se compromete a no utilizar la web con fines lesivos de bienes de DEST PEOPLE\u00a0 o de terceros o que de cualquier forma sobrecarguen, da\u00f1en o inutilicen las redes, servidores y dem\u00e1s hardware y software de DEST PEOPLE\u00a0 o de terceros.<\/p>\n<p>El acceso al sitio web no implica la obligaci\u00f3n por parte de DEST PEOPLE\u00a0 de comprobar la veracidad, exactitud, adecuaci\u00f3n, idoneidad, exhaustividad y actualidad de la informaci\u00f3n suministrada a trav\u00e9s del mismo. Los contenidos de esta p\u00e1gina son de car\u00e1cter general y no constituyen, en modo alguno, la prestaci\u00f3n de un servicio de asesoramiento de ning\u00fan tipo, por lo que dicha informaci\u00f3n resulta insuficiente para la toma de decisiones personales o empresariales por parte del Usuario.<\/p>\n<p>DEST PEOPLE\u00a0 no se responsabiliza de las decisiones tomadas a partir de la informaci\u00f3n suministrada en el sitio web ni de los da\u00f1os y perjuicios producidos en el Usuario o terceros con motivo de actuaciones que tengan como \u00fanico fundamento la informaci\u00f3n obtenida en el sitio web.<\/p>\n<p>El acceso al sitio web no implica la obligaci\u00f3n por parte de DEST PEOPLE\u00a0 de controlar la ausencia de virus o cualquier otro elemento inform\u00e1tico da\u00f1ino. Corresponde al Usuario, en todo caso, la disponibilidad de herramientas adecuadas para la detecci\u00f3n y desinfecci\u00f3n de programas inform\u00e1ticos da\u00f1inos.<\/p>\n<p>DEST PEOPLE\u00a0 no se responsabiliza de los da\u00f1os producidos en los equipos inform\u00e1ticos de los Usuarios o de terceros durante la prestaci\u00f3n del servicio del sitio web.<\/p>\n<p>El acceso al sitio web puede requerir de servicios y suministros de terceros cuya fiabilidad, calidad, continuidad y funcionamiento no corresponde a DEST PEOPLE . Por consiguiente, los servicios prove\u00eddos a trav\u00e9s del sitio web pueden ser suspendidos, cancelados o resultar inaccesibles, con car\u00e1cter previo o simultaneo a la prestaci\u00f3n del servicio. DEST PEOPLE\u00a0 no se responsabiliza de los da\u00f1os o perjuicios de cualquier tipo producidos en el Usuario que traigan causa de fallos o desconexiones en las redes de telecomunicaciones que produzcan la suspensi\u00f3n, cancelaci\u00f3n o interrupci\u00f3n del servicio del sitio web durante la prestaci\u00f3n del mismo o con car\u00e1cter previo.<\/p>\n<p><strong>PROPIEDAD INTELECTUAL E INDUSTRIAL<\/strong><\/p>\n<p>El presente sitio web se rige por las leyes espa\u00f1olas y por la legislaci\u00f3n nacional e internacional sobre propiedad intelectual e industrial. En ning\u00fan caso se entender\u00e1 que el acceso y navegaci\u00f3n del Usuario por el sitio web o la utilizaci\u00f3n, adquisici\u00f3n y\/o contrataci\u00f3n de productos o servicios ofertados a trav\u00e9s del sitio web, implique una renuncia, transmisi\u00f3n, licencia o cesi\u00f3n total ni parcial de dichos derechos por parte de DEST PEOPLE . El Usuario dispone de un derecho de uso estrictamente privado, exclusivamente con la finalidad de disfrutar de las prestaciones del servicio de acuerdo con el presente Aviso Legal.<\/p>\n<p>Las referencias a nombres y marcas comerciales o registradas, logotipos u otros signos distintivos, ya sean titularidad de DEST PEOPLE\u00a0 o de terceras empresas, llevan impl\u00edcitas la prohibici\u00f3n sobre su uso sin el consentimiento de DEST PEOPLE\u00a0 o de sus leg\u00edtimos propietarios. En ning\u00fan momento, salvo manifestaci\u00f3n expresa, el acceso o uso del sitio web y\/o de sus contenidos y\/o servicios, confiere al Usuario derecho alguno sobre las marcas, logotipos y\/o signos distintivos en \u00e9l incluidos protegidos por Ley. Quedan reservados todos los derechos de Propiedad Intelectual e Industrial sobre los contenidos y\/o servicios y, en particular, queda prohibido modificar, copiar, reproducir, comunicar p\u00fablicamente, transformar o distribuir de cualquier forma la totalidad o parte de los contenidos y\/o servicio incluidos en el sitio web, para prop\u00f3sitos p\u00fablicos o comerciales, si no se cuenta con la autorizaci\u00f3n previa, expresa y por escrito de DEST PEOPLE\u00a0 o, en su caso, del titular de los derechos correspondientes.<\/p>\n<p><strong>Contenidos y servicios enlazados a trav\u00e9s del sitio web<\/strong><\/p>\n<p>El servicio de acceso al sitio web puede incluir dispositivos t\u00e9cnicos de enlace, directorios e incluso instrumentos de b\u00fasqueda que permiten al Usuario acceder a otras p\u00e1ginas y portales. En estos casos, DEST PEOPLE\u00a0 act\u00faa como prestador de servicios de intermediaci\u00f3n de conformidad con la Ley 34\/2002, de 12 de julio, de Servicios de la Sociedad de la Informaci\u00f3n y el Comercio Electr\u00f3nico (\u2018LSSI\u2019) y s\u00f3lo ser\u00e1 responsable de los contenidos y servicios suministrados en los sitios enlazados en la medida en que tenga conocimiento efectivo de la ilicitud y no haya desactivado el enlace con la diligencia debida. En el supuesto de que el Usuario considere que existe un sitio enlazado con contenidos il\u00edcitos o inadecuados deber\u00e1 comunic\u00e1rselo a DEST PEOPLE\u00a0 sin que en ning\u00fan caso esta comunicaci\u00f3n conlleve la obligaci\u00f3n de retirar el correspondiente enlace.<\/p>\n<p>En ning\u00fan caso, la existencia de sitios enlazados debe presuponer la existencia de acuerdos con los responsables o titulares de los mismos, ni la recomendaci\u00f3n, promoci\u00f3n o identificaci\u00f3n de DEST PEOPLE\u00a0 con las manifestaciones, contenidos o servicios prove\u00eddas.<\/p>\n<p>DEST PEOPLE\u00a0 no conoce los contenidos y servicios de los sitios enlazados y por tanto no se hace responsable por los da\u00f1os producidos por la ilicitud, calidad, desactualizaci\u00f3n, indisponibilidad, error e inutilidad de los contenidos y\/o servicios de los sitios enlazados ni por cualquier otro da\u00f1o que no sea directamente imputable a DEST PEOPLE .<\/p>\n<p><b>Enlaces en otras p\u00e1ginas Web con destino al Sitio web.<\/b><\/p>\n<p>Si cualquier Usuario, entidad o sitio web deseara establecer alg\u00fan tipo de enlace con destino al sitio web, el enlace solamente se podr\u00e1 dirigir a la P\u00e1gina Principal o Home del sitio web, salvo autorizaci\u00f3n expresa y por escrito de DEST PEOPLE<br \/>\nEl enlace debe ser absoluto y completo, es decir, debe llevar al Usuario, mediante un clic, a la propia direcci\u00f3n URL del sitio web y debe abarcar completamente toda la extensi\u00f3n de la pantalla de la P\u00e1gina Principal del sitio web. En ning\u00fan caso, salvo que DEST PEOPLE\u00a0 lo autorice de manera expresa y por escrito, el sitio web que realiza el enlace podr\u00e1 reproducir de cualquier manera el sitio web o incluirlo como parte de su Web o incluir la marca, denominaci\u00f3n, nombre comercial, r\u00f3tulo, logotipo, slogan o cualquier otro tipo de elemento identificativo de DEST PEOPLE . En ning\u00fan caso DEST PEOPLE\u00a0 autoriza el establecimiento de un enlace al sitio web desde aquellas p\u00e1ginas Web que contengan materiales, informaci\u00f3n o contenidos il\u00edcitos, ilegales, degradantes, obscenos, y en general, que contravengan la moral, el orden p\u00fablico o las normas sociales generalmente aceptadas.<\/p>\n<p>DEST PEOPLE\u00a0 no tiene facultad ni medios humanos ni t\u00e9cnicos para conocer, controlar ni aprobar toda la informaci\u00f3n, contenidos, productos o servicios facilitados por otros sitios web que tengan establecidos enlaces con destino al sitio web. DEST PEOPLE\u00a0 no asume ning\u00fan tipo de responsabilidad por cualquier aspecto relativo al sitio web que establece ese enlace con destino al sitio web, en concreto, a t\u00edtulo enunciativo y no taxativo, sobre su funcionamiento, acceso, datos, informaci\u00f3n, archivos, calidad y fiabilidad de sus productos y servicios, sus propios enlaces y\/o cualquiera de sus contenidos, en general.<\/p>\n<p><b>POL\u00cdTICA DE COOKIES<\/b><\/p>\n<p>Para m\u00e1s informaci\u00f3n sobre el tratamiento de sus datos personales en el sitio web dir\u00edjase a la\u00a0Pol\u00edtica de Cookies.<\/p>\n<p><b>POL\u00cdTICA DE PRIVACIDAD.<\/b><\/p>\n<p>Para m\u00e1s informaci\u00f3n sobre el tratamiento de sus datos personales en el sitio web dir\u00edjase a la\u00a0Pol\u00edtica de Privacidad<\/p>\n<p><b>VIGENCIA Y MODIFICACI\u00d3N.<\/b><\/p>\n<p>DEST PEOPLE\u00a0 podr\u00e1 modificar los t\u00e9rminos y condiciones aqu\u00ed estipulados, total o parcialmente, publicando cualquier cambio en la misma forma en que aparece este Aviso legal o a trav\u00e9s de cualquier tipo de comunicaci\u00f3n dirigida a los Usuarios. La vigencia temporal de este Aviso legal coincide, por lo tanto, con el tiempo de su exposici\u00f3n, hasta que sean modificado total o parcialmente, momento en el cual pasar\u00e1 a tener vigencia el Aviso legal modificado. Con independencia de lo dispuesto en las condiciones particulares, DEST PEOPLE\u00a0 podr\u00e1 dar por terminado, suspender o interrumpir, en cualquier momento sin necesidad de preaviso, el acceso a los contenidos de la p\u00e1gina, sin posibilidad por parte del Usuario de exigir indemnizaci\u00f3n alguna.<\/p>\n<p><b>GENERALIDADES.<\/b><br \/>\nLos encabezamientos de las distintas cl\u00e1usulas son s\u00f3lo informativos, y no afectar\u00e1n, calificar\u00e1n o ampliar\u00e1n la interpretaci\u00f3n del Aviso legal. En caso de existir discrepancia entre lo establecido en este Aviso legal y las condiciones particulares de cada servicio espec\u00edfico que se pueda ofrecer a trav\u00e9s del sitio web, prevalecer\u00e1 lo dispuesto en \u00e9stas \u00faltimas. En el caso de que cualquier disposici\u00f3n de este Aviso legal fuera considerada nula o inaplicable, en su totalidad o en parte, por cualquier Juzgado, Tribunal u \u00f3rgano administrativo competente, dicha nulidad o inaplicaci\u00f3n no afectar\u00e1 a las otras disposiciones del Aviso legal. El no ejercicio o ejecuci\u00f3n por parte de DEST PEOPLE\u00a0 de cualquier derecho o disposici\u00f3n contenida en este Aviso legal no constituir\u00e1 una renuncia al mismo, salvo reconocimiento y acuerdo por escrito por su parte.<\/p>\n<p>Las relaciones establecidas entre DEST PEOPLE \u00a0 y el Usuario se regir\u00e1n por lo dispuesto en la normativa espa\u00f1ola vigente. DEST PEOPLE \u00a0 y el Usuario, con renuncia expresa a cualquier otro fuero que pudiera corresponderles, someter\u00e1n cualesquiera controversias y\/o litigios al conocimiento de los Juzgados y Tribunales de la ciudad de A Coru\u00f1a<\/p>\n","protected":false},"excerpt":{"rendered":"<p>GENERAL Las presentes condiciones regulan el acceso, navegaci\u00f3n y uso de la web de DEST PEOPLE, S.L.\u00a0 ubicada en la URL https:\/\/www.destpeople.com (en adelante \u201csitio web\u201d). DEST PEOPLE, S.L.\u00a0 (en adelante DEST PEOPLE ) es una sociedad de nacionalidad espa\u00f1ola con domicilio en Plaza de Galicia 2-3 4\u00ba 15004 A Coru\u00f1a\u00a0 y NIF B10558120 inscrita [&hellip;]<\/p>\n","protected":false},"author":3,"featured_media":0,"parent":0,"menu_order":0,"comment_status":"closed","ping_status":"closed","template":"template-pages\/page-aviso-legal.php","meta":{"_acf_changed":false,"inline_featured_image":false,"footnotes":""},"class_list":["post-527","page","type-page","status-publish","hentry"],"acf":[],"yoast_head":"<!-- This site is optimized with the Yoast SEO plugin v27.5 - https:\/\/yoast.com\/product\/yoast-seo-wordpress\/ -->\n<title>Aviso legal - Dest People<\/title>\n<meta name=\"robots\" content=\"index, follow, max-snippet:-1, max-image-preview:large, max-video-preview:-1\" \/>\n<link rel=\"canonical\" href=\"https:\/\/destpeople.com\/gl\/aviso-legal\/\" \/>\n<meta property=\"og:locale\" content=\"gl_ES\" \/>\n<meta property=\"og:type\" content=\"article\" \/>\n<meta property=\"og:title\" content=\"Aviso legal - Dest People\" \/>\n<meta property=\"og:description\" content=\"GENERAL Las presentes condiciones regulan el acceso, navegaci\u00f3n y uso de la web de DEST PEOPLE, S.L.\u00a0 ubicada en la URL https:\/\/www.destpeople.com (en adelante \u201csitio web\u201d). DEST PEOPLE, S.L.\u00a0 (en adelante DEST PEOPLE ) es una sociedad de nacionalidad espa\u00f1ola con domicilio en Plaza de Galicia 2-3 4\u00ba 15004 A Coru\u00f1a\u00a0 y NIF B10558120 inscrita [&hellip;]\" \/>\n<meta property=\"og:url\" content=\"https:\/\/destpeople.com\/gl\/aviso-legal\/\" \/>\n<meta property=\"og:site_name\" content=\"Dest People\" \/>\n<meta property=\"article:modified_time\" content=\"2026-04-21T10:31:12+00:00\" \/>\n<meta name=\"twitter:card\" content=\"summary_large_image\" \/>\n<meta name=\"twitter:label1\" content=\"Tempo de lectura\" \/>\n\t<meta name=\"twitter:data1\" content=\"10 minutos\" \/>\n<script type=\"application\/ld+json\" class=\"yoast-schema-graph\">{\"@context\":\"https:\\\/\\\/schema.org\",\"@graph\":[{\"@type\":\"WebPage\",\"@id\":\"https:\\\/\\\/destpeople.com\\\/gl\\\/aviso-legal\\\/\",\"url\":\"https:\\\/\\\/destpeople.com\\\/gl\\\/aviso-legal\\\/\",\"name\":\"Aviso legal - Dest People\",\"isPartOf\":{\"@id\":\"https:\\\/\\\/destpeople.com\\\/gl\\\/#website\"},\"datePublished\":\"2026-02-25T16:52:37+00:00\",\"dateModified\":\"2026-04-21T10:31:12+00:00\",\"breadcrumb\":{\"@id\":\"https:\\\/\\\/destpeople.com\\\/gl\\\/aviso-legal\\\/#breadcrumb\"},\"inLanguage\":\"gl-ES\",\"potentialAction\":[{\"@type\":\"ReadAction\",\"target\":[\"https:\\\/\\\/destpeople.com\\\/gl\\\/aviso-legal\\\/\"]}]},{\"@type\":\"BreadcrumbList\",\"@id\":\"https:\\\/\\\/destpeople.com\\\/gl\\\/aviso-legal\\\/#breadcrumb\",\"itemListElement\":[{\"@type\":\"ListItem\",\"position\":1,\"name\":\"Home\",\"item\":\"https:\\\/\\\/destpeople.com\\\/gl\\\/home\\\/\"},{\"@type\":\"ListItem\",\"position\":2,\"name\":\"Aviso legal\"}]},{\"@type\":\"WebSite\",\"@id\":\"https:\\\/\\\/destpeople.com\\\/gl\\\/#website\",\"url\":\"https:\\\/\\\/destpeople.com\\\/gl\\\/\",\"name\":\"Dest People\",\"description\":\"Conectamos el talento con el futuro de las organizaciones.\",\"publisher\":{\"@id\":\"https:\\\/\\\/destpeople.com\\\/gl\\\/#organization\"},\"potentialAction\":[{\"@type\":\"SearchAction\",\"target\":{\"@type\":\"EntryPoint\",\"urlTemplate\":\"https:\\\/\\\/destpeople.com\\\/gl\\\/?s={search_term_string}\"},\"query-input\":{\"@type\":\"PropertyValueSpecification\",\"valueRequired\":true,\"valueName\":\"search_term_string\"}}],\"inLanguage\":\"gl-ES\"},{\"@type\":\"Organization\",\"@id\":\"https:\\\/\\\/destpeople.com\\\/gl\\\/#organization\",\"name\":\"Dest People\",\"url\":\"https:\\\/\\\/destpeople.com\\\/gl\\\/\",\"logo\":{\"@type\":\"ImageObject\",\"inLanguage\":\"gl-ES\",\"@id\":\"https:\\\/\\\/destpeople.com\\\/gl\\\/#\\\/schema\\\/logo\\\/image\\\/\",\"url\":\"https:\\\/\\\/destpeople.com\\\/wp-content\\\/uploads\\\/2026\\\/04\\\/organiza-dest-people.png\",\"contentUrl\":\"https:\\\/\\\/destpeople.com\\\/wp-content\\\/uploads\\\/2026\\\/04\\\/organiza-dest-people.png\",\"width\":162,\"height\":110,\"caption\":\"Dest People\"},\"image\":{\"@id\":\"https:\\\/\\\/destpeople.com\\\/gl\\\/#\\\/schema\\\/logo\\\/image\\\/\"},\"sameAs\":[\"https:\\\/\\\/www.linkedin.com\\\/company\\\/destpeople\"]}]}<\/script>\n<!-- \/ Yoast SEO plugin. -->","yoast_head_json":{"title":"Aviso legal - Dest People","robots":{"index":"index","follow":"follow","max-snippet":"max-snippet:-1","max-image-preview":"max-image-preview:large","max-video-preview":"max-video-preview:-1"},"canonical":"https:\/\/destpeople.com\/gl\/aviso-legal\/","og_locale":"gl_ES","og_type":"article","og_title":"Aviso legal - Dest People","og_description":"GENERAL Las presentes condiciones regulan el acceso, navegaci\u00f3n y uso de la web de DEST PEOPLE, S.L.\u00a0 ubicada en la URL https:\/\/www.destpeople.com (en adelante \u201csitio web\u201d). DEST PEOPLE, S.L.\u00a0 (en adelante DEST PEOPLE ) es una sociedad de nacionalidad espa\u00f1ola con domicilio en Plaza de Galicia 2-3 4\u00ba 15004 A Coru\u00f1a\u00a0 y NIF B10558120 inscrita [&hellip;]","og_url":"https:\/\/destpeople.com\/gl\/aviso-legal\/","og_site_name":"Dest People","article_modified_time":"2026-04-21T10:31:12+00:00","twitter_card":"summary_large_image","twitter_misc":{"Tempo de lectura":"10 minutos"},"schema":{"@context":"https:\/\/schema.org","@graph":[{"@type":"WebPage","@id":"https:\/\/destpeople.com\/gl\/aviso-legal\/","url":"https:\/\/destpeople.com\/gl\/aviso-legal\/","name":"Aviso legal - Dest People","isPartOf":{"@id":"https:\/\/destpeople.com\/gl\/#website"},"datePublished":"2026-02-25T16:52:37+00:00","dateModified":"2026-04-21T10:31:12+00:00","breadcrumb":{"@id":"https:\/\/destpeople.com\/gl\/aviso-legal\/#breadcrumb"},"inLanguage":"gl-ES","potentialAction":[{"@type":"ReadAction","target":["https:\/\/destpeople.com\/gl\/aviso-legal\/"]}]},{"@type":"BreadcrumbList","@id":"https:\/\/destpeople.com\/gl\/aviso-legal\/#breadcrumb","itemListElement":[{"@type":"ListItem","position":1,"name":"Home","item":"https:\/\/destpeople.com\/gl\/home\/"},{"@type":"ListItem","position":2,"name":"Aviso legal"}]},{"@type":"WebSite","@id":"https:\/\/destpeople.com\/gl\/#website","url":"https:\/\/destpeople.com\/gl\/","name":"Dest People","description":"Conectamos el talento con el futuro de las organizaciones.","publisher":{"@id":"https:\/\/destpeople.com\/gl\/#organization"},"potentialAction":[{"@type":"SearchAction","target":{"@type":"EntryPoint","urlTemplate":"https:\/\/destpeople.com\/gl\/?s={search_term_string}"},"query-input":{"@type":"PropertyValueSpecification","valueRequired":true,"valueName":"search_term_string"}}],"inLanguage":"gl-ES"},{"@type":"Organization","@id":"https:\/\/destpeople.com\/gl\/#organization","name":"Dest People","url":"https:\/\/destpeople.com\/gl\/","logo":{"@type":"ImageObject","inLanguage":"gl-ES","@id":"https:\/\/destpeople.com\/gl\/#\/schema\/logo\/image\/","url":"https:\/\/destpeople.com\/wp-content\/uploads\/2026\/04\/organiza-dest-people.png","contentUrl":"https:\/\/destpeople.com\/wp-content\/uploads\/2026\/04\/organiza-dest-people.png","width":162,"height":110,"caption":"Dest People"},"image":{"@id":"https:\/\/destpeople.com\/gl\/#\/schema\/logo\/image\/"},"sameAs":["https:\/\/www.linkedin.com\/company\/destpeople"]}]}},"_links":{"self":[{"href":"https:\/\/destpeople.com\/gl\/wp-json\/wp\/v2\/pages\/527","targetHints":{"allow":["GET"]}}],"collection":[{"href":"https:\/\/destpeople.com\/gl\/wp-json\/wp\/v2\/pages"}],"about":[{"href":"https:\/\/destpeople.com\/gl\/wp-json\/wp\/v2\/types\/page"}],"author":[{"embeddable":true,"href":"https:\/\/destpeople.com\/gl\/wp-json\/wp\/v2\/users\/3"}],"replies":[{"embeddable":true,"href":"https:\/\/destpeople.com\/gl\/wp-json\/wp\/v2\/comments?post=527"}],"version-history":[{"count":1,"href":"https:\/\/destpeople.com\/gl\/wp-json\/wp\/v2\/pages\/527\/revisions"}],"predecessor-version":[{"id":528,"href":"https:\/\/destpeople.com\/gl\/wp-json\/wp\/v2\/pages\/527\/revisions\/528"}],"wp:attachment":[{"href":"https:\/\/destpeople.com\/gl\/wp-json\/wp\/v2\/media?parent=527"}],"curies":[{"name":"wp","href":"https:\/\/api.w.org\/{rel}","templated":true}]}}