{"id":509,"date":"2026-02-25T17:53:46","date_gmt":"2026-02-25T16:53:46","guid":{"rendered":"https:\/\/destpeople.com\/politica-de-privacidad\/"},"modified":"2026-04-20T20:29:41","modified_gmt":"2026-04-20T18:29:41","slug":"politica-de-privacidad","status":"publish","type":"page","link":"https:\/\/destpeople.com\/gl\/politica-de-privacidad\/","title":{"rendered":"Pol\u00edtica de privacidad"},"content":{"rendered":"<p><strong>Datos del responsable del tratamiento:\u00a0<\/strong><\/p>\n<p>DEST PEOPLES.L.<\/p>\n<p>NIF B10558120<\/p>\n<p>Direcci\u00f3n postal: Plaza de Galicia 2-3 4\u00ba 15004 A Coru\u00f1a<\/p>\n<p>Correo electr\u00f3nico:\u00a0<a class=\"c-link\" href=\"mailto:comunicacion@destpeople.com\" target=\"_blank\" rel=\"noopener noreferrer\" data-stringify-link=\"mailto:comunicacion@destpeople.com\" data-sk=\"tooltip_parent\" aria-haspopup=\"menu\" aria-expanded=\"false\">comunicacion@destpeople.com<\/a><\/p>\n<p>DEST PEOPLES.L.\u00a0 es una sociedad de nacionalidad espa\u00f1ola con domicilio en\u00a0Plaza de Galicia 2-3 4\u00ba 15004 A\u00a0Coru\u00f1a, inscrita en el Registro Mercantil de A Coru\u00f1a\u00a0\u00a0inscrita en el Registro Mercantil de A Coru\u00f1a T 3783 , F 104,S 8, H C 61918, I\/A 1\u00a0Tiene el NIF B10558120 Email:\u00a0(<a class=\"c-link\" href=\"mailto:comunicacion@destpeople.com\" target=\"_blank\" rel=\"noopener noreferrer\" data-stringify-link=\"mailto:comunicacion@destpeople.com\" data-sk=\"tooltip_parent\" aria-haspopup=\"menu\" aria-expanded=\"false\">comunicacion@destpeople.com<\/a>)<\/p>\n<p>Las presentes condiciones regulan el acceso, navegaci\u00f3n y uso de la web de DEST PEOPLE, S.L.\u00a0 ubicada en la URL https:\/\/www.destpeople.com<\/p>\n<p>DEST PEOPLE, S.L. pone a su disposici\u00f3n la presente pol\u00edtica de privacidad con la finalidad de informarle, de forma detallada, sobre c\u00f3mo tratamos sus datos personales y protegemos su privacidad y la informaci\u00f3n que nos proporciona. En caso de introducir modificaciones en un futuro sobre la misma, estas se comunicar\u00e1n a trav\u00e9s de la p\u00e1gina web o a trav\u00e9s de otros medios, de modo que pueda conocer las nuevas condiciones de privacidad introducidas.<\/p>\n<p>En cumplimiento del Reglamento (UE) 2016\/679, General de Protecci\u00f3n de Datos y de la Ley Org\u00e1nica 3\/2018, de 5 de diciembre, de Protecci\u00f3n de Datos Personales y garant\u00eda de los derechos digitales, le informamos de lo siguiente:<\/p>\n<p><strong>\u00bfCon qu\u00e9 finalidad tratamos los datos personales del Cliente?<\/strong><\/p>\n<p>En DEST PEOPLE, S.L. recabamos y tratamos la informaci\u00f3n con car\u00e1cter general para gestionar la relaci\u00f3n que mantenemos con nuestros clientes y proveedores de los servicios ofrecidos por nuestra empresa con las siguientes finalidades:<\/p>\n<p>Proveedores: Gesti\u00f3n de servicio y Facturaci\u00f3n<\/p>\n<p>Clientes: Prestaci\u00f3n del servicio y Facturaci\u00f3n y Gesti\u00f3n de la relaci\u00f3n con los clientes tanto personas jur\u00eddicas como personas f\u00edsicas que solicitan participar en un proceso de selecci\u00f3n y coaching.<\/p>\n<p>Datos tratados como encargado del tratamiento: en la prestaci\u00f3n de nuestros servicios podemos actuar como encargado del tratamiento de los datos en los que nuestros clientes sean responsables del tratamiento.<\/p>\n<p><strong>\u00bfQu\u00e9 datos recabamos?<\/strong><\/p>\n<p>Cuando un cliente solicita nuestros servicios tratamos sus datos personales de nombre, datos de contacto e informaci\u00f3n de su CV. En determinadas ocasiones y en funci\u00f3n del servicio solicitado es posible que solicitemos la realizaci\u00f3n de un test de personalidad, en cuyo caso siempre le ser\u00e1 solicitado previamente su consentimiento.<\/p>\n<p>Asimismo, cuando nuestras empresas solicitan nuestros servicios tratamos los datos de contacto de las mismas y los datos necesarios para la gesti\u00f3n del servicio contratado.<\/p>\n<p>Por \u00faltimo, en el caso de nuestros proveedores, tratamos tambi\u00e9n los datos necesarios para la gesti\u00f3n de los servicios que nos prestan<\/p>\n<p>En algunas ocasiones, si no nos proporciona los datos que necesitamos, es posible que no podamos prestarle nuestros servicios o no podamos contratar los suyos.<\/p>\n<p><strong>\u00bfCu\u00e1l es la legitimaci\u00f3n para el tratamiento de sus datos?<\/strong><\/p>\n<p>La legitimaci\u00f3n para el tratamiento de los datos recabados es la ejecuci\u00f3n del contrato que nos une con nuestros clientes, candidatos y proveedores. En algunas circunstancias\u00a0 pediremos su consentimiento para el tratamiento: as\u00ed por ejemplo para realizar evaluaciones o pruebas de aptitud. En la medida en que tratemos sus datos personales sobre la base de su consentimiento, tiene derecho a retirar su consentimiento en cualquier momento solicit\u00e1ndolo en\u00a0<a class=\"c-link\" href=\"mailto:comunicacion@destpeople.com\" target=\"_blank\" rel=\"noopener noreferrer\" data-stringify-link=\"mailto:comunicacion@destpeople.com\" data-sk=\"tooltip_parent\" aria-haspopup=\"menu\" aria-expanded=\"false\">comunicacion@destpeople.com<\/a><\/p>\n<p><strong>\u00bfC\u00f3mo recabamos la informaci\u00f3n?\u00a0<\/strong><\/p>\n<p>Recabamos su informaci\u00f3n personal a trav\u00e9s de diferentes medios, entre los que se encuentra la web,\u00a0 pero siempre ser\u00e1 informado en el momento de la recogida mediante cl\u00e1usulas informativas sobre el responsable del tratamiento, la finalidad y la base legal del mismo, los destinatarios de los datos y el periodo de conservaci\u00f3n de su informaci\u00f3n, as\u00ed como la forma en que puede ejercer los derechos que le asisten en materia de protecci\u00f3n de datos.<\/p>\n<p>En general, la informaci\u00f3n personal que tratamos se limita a datos identificativos clientes, de las personas de contacto de nuestras empresas clientes\u00a0 proveedores\u00a0 (nombre y apellidos y empresa a la que representa, domicilio, NIF, tel\u00e9fono, fax, correo electr\u00f3nico, servicios contratados y datos de pago y facturaci\u00f3n en su caso) y en el caso de clientes de procesos de selecci\u00f3n y\/o coaching\u00a0 a nombre y apellidos, DNI, Fecha de nacimiento, Tel\u00e9fono, Direcci\u00f3n postal, Mail, Formaci\u00f3n, Experiencia profesional y datos facilitados en funci\u00f3n del puesto y CV.<\/p>\n<p>DEST PEOPLE, S.L. puede utilizar redes sociales. La informaci\u00f3n recogida a trav\u00e9s de los mensajes y comunicaciones que publica en redes sociales puede contener informaci\u00f3n personal que se encuentra disponible online y accesible al p\u00fablico. Estas redes sociales cuentan con sus propias pol\u00edticas de privacidad donde se explica c\u00f3mo utilizan y comparten su informaci\u00f3n, por lo que DEST PEOPLE, S.L. recomienda al Cliente que las consulte antes de hacer uso de estas para confirmar que est\u00e1 de acuerdo con la forma en que su informaci\u00f3n es recogida, tratada y compartida.<\/p>\n<p>A trav\u00e9s de nuestra p\u00e1gina web es posible que recabemos informaci\u00f3n relacionada con su navegaci\u00f3n a trav\u00e9s del uso de cookies. Para conocer de manera clara y precisa las cookies que utilizamos, cu\u00e1les son sus finalidades y c\u00f3mo puede configurarlas o deshabilitarlas, consulte nuestra\u00a0<a href=\"https:\/\/40074562.servicio-online.net\/destpeople\/politica-de-cookies\/\">Pol\u00edtica de Cookies.<\/a><\/p>\n<p><strong>Responsabilidad del usuario\u00a0<\/strong><\/p>\n<p>Al facilitarnos sus datos a trav\u00e9s de canales electr\u00f3nicos, el usuario garantiza que es mayor de 14 a\u00f1os y que los datos facilitados a DEST PEOPLE, S.L. son verdaderos, exactos, completos y actualizados. A estos efectos, el usuario confirma que responde de la veracidad de los datos comunicados y que mantendr\u00e1 convenientemente actualizada dicha informaci\u00f3n de modo que responda a su situaci\u00f3n real, haci\u00e9ndose responsable de los datos falsos e inexactos que pudiera proporcionar, as\u00ed como de los da\u00f1os y perjuicios, directos o indirectos, que pudieran derivarse.<\/p>\n<p><strong>\u00bfCu\u00e1nto tiempo conservamos la informaci\u00f3n?<\/strong><\/p>\n<p>En DEST PEOPLE, S.L. s\u00f3lo conservamos su informaci\u00f3n por el periodo de tiempo necesario para cumplir con la finalidad para la que fue recogida, dar cumplimiento al servicio contratado o a las obligaciones legales que nos vienen impuestas, atender las posibles responsabilidades que pudieran derivar del cumplimiento de la finalidad por la que los datos fueron recabados o \u00e9ste no ejerza su derecho de supresi\u00f3n y\/o limitaci\u00f3n del tratamiento.<\/p>\n<p>Al finalizar la relaci\u00f3n o al ejercer el derecho de supresi\u00f3n y\/o limitaci\u00f3n del tratamiento, la informaci\u00f3n se bloquear\u00e1 \u00a0 a disposici\u00f3n solo de autoridades administrativas, policiales o judiciales competentes hasta la prescripci\u00f3n de obligaciones legales y responsabilidades derivadas del tratamiento, siendo este plazo generalmente de seis a\u00f1os tras la finalizaci\u00f3n del contrato, salvo que exista alg\u00fan tipo de reclamaci\u00f3n administrativa o judicial, los cuales se almacenar\u00e1n hasta que el procedimiento finalice.<\/p>\n<p><strong>\u00bfA qui\u00e9n comunicamos los datos del Cliente?<\/strong><\/p>\n<p>En general, en DEST PEOPLE, S.L. no compartimos la informaci\u00f3n personal de nuestros proveedores y clientes, salvo aquellas cesiones que debemos realizar en base a obligaciones legales impuestas.<\/p>\n<p>En el caso de candidatos, compartiremos sus datos con los clientes que tienen vacantes para puestos de trabajo en los que el candidato est\u00e1 interesado. La base jur\u00eddica en este caso ser\u00e1 la ejecuci\u00f3n del contrato con los clientes y candidatos.<\/p>\n<p>Aunque no se trata de una cesi\u00f3n de datos, para prestar el servicio solicitado puede ser necesario que terceras empresas, que act\u00faan como proveedores nuestros, accedan a determinada informaci\u00f3n para llevar a cabo el servicio. Estos encargados del tratamiento acceden a los datos siguiendo nuestras instrucciones, sin que puedan utilizarlos para una finalidad diferente y manteniendo la m\u00e1s estricta confidencialidad. Exigimos por contrato todas las garant\u00edas necesarias para el tratamiento a nuestros proveedores. En el caso de que sea necesario el consentimiento para la comunicaci\u00f3n, se le solicitar\u00e1 de manera previa a la misma. Asimismo, en el caso de que fuese necesario realizar transferencias internacionales fuera del EEE nos aseguraremos de que existan garant\u00eda adecuadas, utilizando en caso necesario las Cl\u00e1usulas Contractuales Tipo aprobadas por la Comisi\u00f3n Europea.\u00a0 Puede comunicarnos su oposici\u00f3n a la cesi\u00f3n de sus datos, aunque en ese caso, no ser\u00eda posible prestarle el servicio solicitado.<\/p>\n<p>Asimismo, la informaci\u00f3n personal del Cliente estar\u00e1 a disposici\u00f3n de las Administraciones P\u00fablicas, Jueces y Tribunales, para la atenci\u00f3n de posibles responsabilidades nacidas del tratamiento.<\/p>\n<p>Los datos del usuario\/Cliente ser\u00e1n comunicados, en caso de ser necesario, a las entidades de cr\u00e9dito y de pago en la medida necesaria para la gesti\u00f3n del cobro de los servicios contratados.<\/p>\n<p><strong>Comunicaciones comerciales.<\/strong><\/p>\n<p>Los datos proporcionados ser\u00e1n tratados por DEST PEOPLE, S.L. con la finalidad de prestarle el servicio solicitado o enviarle la informaci\u00f3n requerida.<\/p>\n<p>En caso de que no sea Cliente, en el momento de recabar sus datos solicitaremos su autorizaci\u00f3n para enviarle publicidad relacionada con nuestros productos y servicios.<\/p>\n<p>En cualquier momento el Cliente puede oponerse al env\u00edo de esta informaci\u00f3n a trav\u00e9s de los procedimientos proporcionados en las propias comunicaciones comerciales.<\/p>\n<p>Trataremos sus datos con esta finalidad mientras sea cliente de DEST PEOPLE, S.L. si ha marcado la casilla correspondiente en el momento de la contrataci\u00f3n y no se haya opuesto a la recepci\u00f3n de estas comunicaciones<\/p>\n<p><strong>Derechos<\/strong><\/p>\n<p>En caso de que sus datos no est\u00e9n considerados como datos de contacto de empresa, puede ejercer sus derechos de acceso, rectificaci\u00f3n, supresi\u00f3n y portabilidad de datos y oposici\u00f3n y limitaci\u00f3n a su tratamiento, as\u00ed como a no ser objeto de decisiones basadas \u00fanicamente en el tratamiento automatizado de sus datos, cuando proceda. Puede ejercitarlos, correo electr\u00f3nico a la direcci\u00f3n\u00a0\u00a0<a class=\"c-link\" href=\"mailto:comunicacion@destpeople.com\" target=\"_blank\" rel=\"noopener noreferrer\" data-stringify-link=\"mailto:comunicacion@destpeople.com\" data-sk=\"tooltip_parent\" aria-haspopup=\"menu\" aria-expanded=\"false\">comunicacion@destpeople.com<\/a>\u00a0indicando el derecho a ejercitar y acompa\u00f1ando la documentaci\u00f3n requerida de acuerdo con la normativa vigente. En la p\u00e1gina web de la Agencia Espa\u00f1ola de Protecci\u00f3n de Datos (<a href=\"https:\/\/www.aepd.es\/es\">https:\/\/www.aepd.es\/es<\/a>\u00a0) puede encontrar una serie de modelos que le ayudar\u00e1n en el ejercicio de sus derechos.<\/p>\n<p>Asimismo, le informamos de que puede interponer una reclamaci\u00f3n ante la Agencia Espa\u00f1ola de Protecci\u00f3n de Datos.<\/p>\n<p><strong>Seguridad<\/strong><\/p>\n<p>En DEST PEOPLE, S.L. nos comprometemos a proteger su informaci\u00f3n. Utilizamos medidas, controles y procedimientos de car\u00e1cter f\u00edsico, organizativo y tecnol\u00f3gico, razonablemente fiables y efectivos, orientados a preservar la integridad y la seguridad de los datos de nuestros clientes.<\/p>\n<p>Adem\u00e1s, todo el personal con acceso a los datos personales ha sido formado y tiene conocimiento de sus obligaciones con relaci\u00f3n a los tratamientos de los datos personales.<\/p>\n<p>En el caso de los contratos que suscribimos con nuestros proveedores incluimos cl\u00e1usulas en las que se les exige mantener el deber de secreto respecto a los datos de car\u00e1cter personal a los que hayan tenido acceso en virtud del encargo realizado, as\u00ed como implantar las medidas de seguridad t\u00e9cnicas y organizativas necesarias para garantizar la confidencialidad, integridad, disponibilidad y resiliencia permanentes de los sistemas y servicios de tratamiento de los datos personales. Todas estas medidas de seguridad son revisadas de forma peri\u00f3dica para garantizar su adecuaci\u00f3n y efectividad.<\/p>\n<p>Sin embargo, la seguridad absoluta no se puede garantizar y no existe ning\u00fan sistema de seguridad que sea impenetrable por lo que, en el caso de cualquier informaci\u00f3n objeto de tratamiento y bajo nuestro control se viese comprometida como consecuencia de una brecha de seguridad, tomaremos las medidas adecuadas para investigar el incidente, notificarlo a la Autoridad de Control y, en su caso, a aquellos usuarios que se hubieran podido ver afectados para que tomen las medidas adecuadas.<\/p>\n","protected":false},"excerpt":{"rendered":"<p>Datos del responsable del tratamiento:\u00a0 DEST PEOPLES.L. NIF B10558120 Direcci\u00f3n postal: Plaza de Galicia 2-3 4\u00ba 15004 A Coru\u00f1a Correo electr\u00f3nico:\u00a0comunicacion@destpeople.com DEST PEOPLES.L.\u00a0 es una sociedad de nacionalidad espa\u00f1ola con domicilio en\u00a0Plaza de Galicia 2-3 4\u00ba 15004 A\u00a0Coru\u00f1a, inscrita en el Registro Mercantil de A Coru\u00f1a\u00a0\u00a0inscrita en el Registro Mercantil de A Coru\u00f1a T 3783 [&hellip;]<\/p>\n","protected":false},"author":3,"featured_media":0,"parent":0,"menu_order":0,"comment_status":"closed","ping_status":"closed","template":"","meta":{"_acf_changed":false,"inline_featured_image":false,"footnotes":""},"class_list":["post-509","page","type-page","status-publish","hentry"],"acf":[],"yoast_head":"<!-- This site is optimized with the Yoast SEO plugin v27.5 - https:\/\/yoast.com\/product\/yoast-seo-wordpress\/ -->\n<title>Pol\u00edtica de privacidad - Dest People<\/title>\n<meta name=\"robots\" content=\"index, follow, max-snippet:-1, max-image-preview:large, max-video-preview:-1\" \/>\n<link rel=\"canonical\" href=\"https:\/\/destpeople.com\/gl\/politica-de-privacidad\/\" \/>\n<meta property=\"og:locale\" content=\"gl_ES\" \/>\n<meta property=\"og:type\" content=\"article\" \/>\n<meta property=\"og:title\" content=\"Pol\u00edtica de privacidad - Dest People\" \/>\n<meta property=\"og:description\" content=\"Datos del responsable del tratamiento:\u00a0 DEST PEOPLES.L. NIF B10558120 Direcci\u00f3n postal: Plaza de Galicia 2-3 4\u00ba 15004 A Coru\u00f1a Correo electr\u00f3nico:\u00a0comunicacion@destpeople.com DEST PEOPLES.L.\u00a0 es una sociedad de nacionalidad espa\u00f1ola con domicilio en\u00a0Plaza de Galicia 2-3 4\u00ba 15004 A\u00a0Coru\u00f1a, inscrita en el Registro Mercantil de A Coru\u00f1a\u00a0\u00a0inscrita en el Registro Mercantil de A Coru\u00f1a T 3783 [&hellip;]\" \/>\n<meta property=\"og:url\" content=\"https:\/\/destpeople.com\/gl\/politica-de-privacidad\/\" \/>\n<meta property=\"og:site_name\" content=\"Dest People\" \/>\n<meta property=\"article:modified_time\" content=\"2026-04-20T18:29:41+00:00\" \/>\n<meta name=\"twitter:card\" content=\"summary_large_image\" \/>\n<meta name=\"twitter:label1\" content=\"Tempo de lectura\" \/>\n\t<meta name=\"twitter:data1\" content=\"10 minutos\" \/>\n<script type=\"application\/ld+json\" class=\"yoast-schema-graph\">{\"@context\":\"https:\\\/\\\/schema.org\",\"@graph\":[{\"@type\":\"WebPage\",\"@id\":\"https:\\\/\\\/destpeople.com\\\/gl\\\/politica-de-privacidad\\\/\",\"url\":\"https:\\\/\\\/destpeople.com\\\/gl\\\/politica-de-privacidad\\\/\",\"name\":\"Pol\u00edtica de privacidad - Dest People\",\"isPartOf\":{\"@id\":\"https:\\\/\\\/destpeople.com\\\/gl\\\/#website\"},\"datePublished\":\"2026-02-25T16:53:46+00:00\",\"dateModified\":\"2026-04-20T18:29:41+00:00\",\"breadcrumb\":{\"@id\":\"https:\\\/\\\/destpeople.com\\\/gl\\\/politica-de-privacidad\\\/#breadcrumb\"},\"inLanguage\":\"gl-ES\",\"potentialAction\":[{\"@type\":\"ReadAction\",\"target\":[\"https:\\\/\\\/destpeople.com\\\/gl\\\/politica-de-privacidad\\\/\"]}]},{\"@type\":\"BreadcrumbList\",\"@id\":\"https:\\\/\\\/destpeople.com\\\/gl\\\/politica-de-privacidad\\\/#breadcrumb\",\"itemListElement\":[{\"@type\":\"ListItem\",\"position\":1,\"name\":\"Home\",\"item\":\"https:\\\/\\\/destpeople.com\\\/gl\\\/home\\\/\"},{\"@type\":\"ListItem\",\"position\":2,\"name\":\"Pol\u00edtica de privacidad\"}]},{\"@type\":\"WebSite\",\"@id\":\"https:\\\/\\\/destpeople.com\\\/gl\\\/#website\",\"url\":\"https:\\\/\\\/destpeople.com\\\/gl\\\/\",\"name\":\"Dest People\",\"description\":\"Conectamos el talento con el futuro de las organizaciones.\",\"publisher\":{\"@id\":\"https:\\\/\\\/destpeople.com\\\/gl\\\/#organization\"},\"potentialAction\":[{\"@type\":\"SearchAction\",\"target\":{\"@type\":\"EntryPoint\",\"urlTemplate\":\"https:\\\/\\\/destpeople.com\\\/gl\\\/?s={search_term_string}\"},\"query-input\":{\"@type\":\"PropertyValueSpecification\",\"valueRequired\":true,\"valueName\":\"search_term_string\"}}],\"inLanguage\":\"gl-ES\"},{\"@type\":\"Organization\",\"@id\":\"https:\\\/\\\/destpeople.com\\\/gl\\\/#organization\",\"name\":\"Dest People\",\"url\":\"https:\\\/\\\/destpeople.com\\\/gl\\\/\",\"logo\":{\"@type\":\"ImageObject\",\"inLanguage\":\"gl-ES\",\"@id\":\"https:\\\/\\\/destpeople.com\\\/gl\\\/#\\\/schema\\\/logo\\\/image\\\/\",\"url\":\"https:\\\/\\\/destpeople.com\\\/wp-content\\\/uploads\\\/2026\\\/04\\\/organiza-dest-people.png\",\"contentUrl\":\"https:\\\/\\\/destpeople.com\\\/wp-content\\\/uploads\\\/2026\\\/04\\\/organiza-dest-people.png\",\"width\":162,\"height\":110,\"caption\":\"Dest People\"},\"image\":{\"@id\":\"https:\\\/\\\/destpeople.com\\\/gl\\\/#\\\/schema\\\/logo\\\/image\\\/\"},\"sameAs\":[\"https:\\\/\\\/www.linkedin.com\\\/company\\\/destpeople\"]}]}<\/script>\n<!-- \/ Yoast SEO plugin. -->","yoast_head_json":{"title":"Pol\u00edtica de privacidad - Dest People","robots":{"index":"index","follow":"follow","max-snippet":"max-snippet:-1","max-image-preview":"max-image-preview:large","max-video-preview":"max-video-preview:-1"},"canonical":"https:\/\/destpeople.com\/gl\/politica-de-privacidad\/","og_locale":"gl_ES","og_type":"article","og_title":"Pol\u00edtica de privacidad - Dest People","og_description":"Datos del responsable del tratamiento:\u00a0 DEST PEOPLES.L. NIF B10558120 Direcci\u00f3n postal: Plaza de Galicia 2-3 4\u00ba 15004 A Coru\u00f1a Correo electr\u00f3nico:\u00a0comunicacion@destpeople.com DEST PEOPLES.L.\u00a0 es una sociedad de nacionalidad espa\u00f1ola con domicilio en\u00a0Plaza de Galicia 2-3 4\u00ba 15004 A\u00a0Coru\u00f1a, inscrita en el Registro Mercantil de A Coru\u00f1a\u00a0\u00a0inscrita en el Registro Mercantil de A Coru\u00f1a T 3783 [&hellip;]","og_url":"https:\/\/destpeople.com\/gl\/politica-de-privacidad\/","og_site_name":"Dest People","article_modified_time":"2026-04-20T18:29:41+00:00","twitter_card":"summary_large_image","twitter_misc":{"Tempo de lectura":"10 minutos"},"schema":{"@context":"https:\/\/schema.org","@graph":[{"@type":"WebPage","@id":"https:\/\/destpeople.com\/gl\/politica-de-privacidad\/","url":"https:\/\/destpeople.com\/gl\/politica-de-privacidad\/","name":"Pol\u00edtica de privacidad - Dest People","isPartOf":{"@id":"https:\/\/destpeople.com\/gl\/#website"},"datePublished":"2026-02-25T16:53:46+00:00","dateModified":"2026-04-20T18:29:41+00:00","breadcrumb":{"@id":"https:\/\/destpeople.com\/gl\/politica-de-privacidad\/#breadcrumb"},"inLanguage":"gl-ES","potentialAction":[{"@type":"ReadAction","target":["https:\/\/destpeople.com\/gl\/politica-de-privacidad\/"]}]},{"@type":"BreadcrumbList","@id":"https:\/\/destpeople.com\/gl\/politica-de-privacidad\/#breadcrumb","itemListElement":[{"@type":"ListItem","position":1,"name":"Home","item":"https:\/\/destpeople.com\/gl\/home\/"},{"@type":"ListItem","position":2,"name":"Pol\u00edtica de privacidad"}]},{"@type":"WebSite","@id":"https:\/\/destpeople.com\/gl\/#website","url":"https:\/\/destpeople.com\/gl\/","name":"Dest People","description":"Conectamos el talento con el futuro de las organizaciones.","publisher":{"@id":"https:\/\/destpeople.com\/gl\/#organization"},"potentialAction":[{"@type":"SearchAction","target":{"@type":"EntryPoint","urlTemplate":"https:\/\/destpeople.com\/gl\/?s={search_term_string}"},"query-input":{"@type":"PropertyValueSpecification","valueRequired":true,"valueName":"search_term_string"}}],"inLanguage":"gl-ES"},{"@type":"Organization","@id":"https:\/\/destpeople.com\/gl\/#organization","name":"Dest People","url":"https:\/\/destpeople.com\/gl\/","logo":{"@type":"ImageObject","inLanguage":"gl-ES","@id":"https:\/\/destpeople.com\/gl\/#\/schema\/logo\/image\/","url":"https:\/\/destpeople.com\/wp-content\/uploads\/2026\/04\/organiza-dest-people.png","contentUrl":"https:\/\/destpeople.com\/wp-content\/uploads\/2026\/04\/organiza-dest-people.png","width":162,"height":110,"caption":"Dest People"},"image":{"@id":"https:\/\/destpeople.com\/gl\/#\/schema\/logo\/image\/"},"sameAs":["https:\/\/www.linkedin.com\/company\/destpeople"]}]}},"_links":{"self":[{"href":"https:\/\/destpeople.com\/gl\/wp-json\/wp\/v2\/pages\/509","targetHints":{"allow":["GET"]}}],"collection":[{"href":"https:\/\/destpeople.com\/gl\/wp-json\/wp\/v2\/pages"}],"about":[{"href":"https:\/\/destpeople.com\/gl\/wp-json\/wp\/v2\/types\/page"}],"author":[{"embeddable":true,"href":"https:\/\/destpeople.com\/gl\/wp-json\/wp\/v2\/users\/3"}],"replies":[{"embeddable":true,"href":"https:\/\/destpeople.com\/gl\/wp-json\/wp\/v2\/comments?post=509"}],"version-history":[{"count":1,"href":"https:\/\/destpeople.com\/gl\/wp-json\/wp\/v2\/pages\/509\/revisions"}],"predecessor-version":[{"id":510,"href":"https:\/\/destpeople.com\/gl\/wp-json\/wp\/v2\/pages\/509\/revisions\/510"}],"wp:attachment":[{"href":"https:\/\/destpeople.com\/gl\/wp-json\/wp\/v2\/media?parent=509"}],"curies":[{"name":"wp","href":"https:\/\/api.w.org\/{rel}","templated":true}]}}